{"id":2869,"date":"2023-08-28T15:57:17","date_gmt":"2023-08-28T13:57:17","guid":{"rendered":"https:\/\/www.international-camping.fr\/full-marks\/"},"modified":"2026-02-26T15:30:56","modified_gmt":"2026-02-26T14:30:56","slug":"legal-notice","status":"publish","type":"page","link":"https:\/\/www.international-camping.fr\/en\/legal-notice\/","title":{"rendered":"Legal information"},"content":{"rendered":"<section id=\"ls-section-block_6097b448332a74ef2529d73281180552\" class=\"ls-section  page-description home-first page-one page-autre\" >\r\n        <div class=\"container container--wide\">\r\n        \n\n<h1 class=\"ls__heading wp-block-heading has-text-align-center\">Terms of use<\/h1>\n\n\n\n<h2 class=\"ls__heading wp-block-heading\">Site manager<\/h2>\n\n\n\n<p class=\"ls-paragraph\"><strong>CAMPING INTERNATIONAL<\/strong><br\/>Si\u00e8ge social : BP 4 \u2013 65120 Luz-Saint-Sauveur<br\/>T\u00e9l : +33 (0)5 62 92 82 02<br\/>email : camping.international.luz[@]wanadoo.fr<\/p>\n\n\n\n<p class=\"ls-paragraph\">Siret : 65278005700020<br\/>Code NAF : 5530Z<br\/>Capital social : 12 195,92 \u20ac<br\/>TVA Intracommunautaire : FR05652780057<br\/>Responsable de publication : Sandrine Ducos<\/p>\n\n\n\n<h2 class=\"ls__heading wp-block-heading\">PRODUCTION<\/h2>\n\n\n\n<p class=\"ls-paragraph\"><strong>GEEK TONIC<\/strong><br\/>Repr\u00e9sent\u00e9e par M. Yohan Darmayan en sa qualit\u00e9 de G\u00e9rant<br\/>Si\u00e8ge social : 50 avenue du Lac Marion, 64200 Biarritz<br\/>T\u00e9l : 05 32 74 11 52<br\/>E-mail : support@geek-tonic.com<br\/>Site web : <a href=\"https:\/\/www.geek-tonic.com\/\" target=\"_blank\" rel=\"noreferrer noopener\">www.geek-tonic.com<\/a><br\/>SIRET : 89746755100015<br\/>APE : 6201Z<\/p>\n\n\n\n<h2 class=\"ls__heading wp-block-heading\">ROYALTIES AND COPYRIGHTS<\/h2>\n\n\n\n<p class=\"ls-paragraph\">The entire content of this site is subject to copyright and intellectual property rights under French law. Any reproduction (including photos, icons and downloadable documents) is prohibited without prior consent from GEEK TONIC. Reproduction on electronic media of all or part of the site in paper or electronic format is prohibited. GEEK TONIC is not responsible for the content of the website. GEEK TONIC also declines all responsibility for external links pointing to this site.<\/p>\n\n\n\n<h2 class=\"ls__heading wp-block-heading\" id=\"m-t-6\">PERSONAL DATA AND NOMINATIVE INFORMATION<\/h2>\n\n\n\n<p class=\"ls-paragraph\">You have the right to access, modify, rectify and delete data concerning you in accordance with Article 34 of the French Data Protection Act (Loi &#8221; Informatique et Libert\u00e9s &#8221; n\u00b0 78-17 du 6 janvier 1978, modified on August 6, 2018). To exercise your right of access, simply send a written request to the site editor.<\/p>\n\n\n\n<h2 class=\"ls__heading wp-block-heading\">LEGISLATION<\/h2>\n\n\n\n<p class=\"ls-paragraph\">In accordance with the law of March 11, 1957 (art. 41) and the intellectual property code of July 1, 1992, it is forbidden to reproduce any part of the site in whole or in part without prior authorization from the site editor. Logos, visuals, photos, videos, graphic charts and texts are the property of their respective owners. This site may be linked to other sites through hyperlinks. The site editor declines all responsibility for the information presented on these other sites. The Internet user acknowledges that use of this site is governed by French law.<\/p>\n\n\n\n<h2 class=\"ls__heading wp-block-heading\">M\u00c9DIATEUR<\/h2>\n\n\n\n<p class=\"ls-paragraph\">Mediaci\u00f3n en materia de consumo<\/p>\n\n\n\n<p class=\"ls-paragraph\">De conformidad con las disposiciones del C\u00f3digo del Consumidor relativas al \u00abproceso de mediaci\u00f3n en litigios de consumo\u00bb, el cliente tiene derecho a recurrir al servicio de mediaci\u00f3n ofrecido por Camping International.<\/p>\n\n\n\n<p class=\"ls-paragraph\">En cas de litige et apr\u00e8s avoir saisi le service client\u00e8le du professionnel, tout client a la possibilit\u00e9 de saisir un m\u00e9diateur de la consommation, dans un d\u00e9lai d\u2019un an \u00e0 compter de la date de r\u00e9clamation \u00e9crite, par LRAR, aupr\u00e8s de ce professionnel.<\/p>\n\n\n\n<p class=\"ls-paragraph\">Los datos de contacto del mediador al que puede acudir un cliente son los siguientes:<\/p>\n\n\n\n<p class=\"ls-paragraph\">www.bayonne-mediation.com<\/p>\n\n\r\n    <\/div>\r\n<\/section>","protected":false},"excerpt":{"rendered":"","protected":false},"author":1,"featured_media":0,"parent":0,"menu_order":0,"comment_status":"closed","ping_status":"closed","template":"","meta":{"_acf_changed":false,"footnotes":""},"sujet":[],"class_list":["post-2869","page","type-page","status-publish","hentry"],"acf":[],"yoast_head":"<!-- This site is optimized with the Yoast SEO plugin v25.3 - https:\/\/yoast.com\/wordpress\/plugins\/seo\/ -->\n<title>Legal information - Camping International<\/title>\n<meta name=\"robots\" content=\"noindex, nofollow\" \/>\n<meta property=\"og:locale\" content=\"en_US\" \/>\n<meta property=\"og:type\" content=\"article\" \/>\n<meta property=\"og:title\" content=\"Legal information - Camping International\" \/>\n<meta property=\"og:url\" content=\"https:\/\/www.international-camping.fr\/en\/legal-notice\/\" \/>\n<meta property=\"og:site_name\" content=\"Camping International\" \/>\n<meta property=\"article:modified_time\" content=\"2026-02-26T14:30:56+00:00\" \/>\n<meta name=\"twitter:card\" content=\"summary_large_image\" \/>\n<meta name=\"twitter:label1\" content=\"Est. reading time\" \/>\n\t<meta name=\"twitter:data1\" content=\"2 minutes\" \/>\n<script type=\"application\/ld+json\" class=\"yoast-schema-graph\">{\"@context\":\"https:\/\/schema.org\",\"@graph\":[{\"@type\":\"WebPage\",\"@id\":\"https:\/\/www.international-camping.fr\/en\/legal-notice\/\",\"url\":\"https:\/\/www.international-camping.fr\/en\/legal-notice\/\",\"name\":\"Legal information - Camping International\",\"isPartOf\":{\"@id\":\"https:\/\/www.international-camping.fr\/#website\"},\"datePublished\":\"2023-08-28T13:57:17+00:00\",\"dateModified\":\"2026-02-26T14:30:56+00:00\",\"breadcrumb\":{\"@id\":\"https:\/\/www.international-camping.fr\/en\/legal-notice\/#breadcrumb\"},\"inLanguage\":\"en-US\",\"potentialAction\":[{\"@type\":\"ReadAction\",\"target\":[\"https:\/\/www.international-camping.fr\/en\/legal-notice\/\"]}]},{\"@type\":\"BreadcrumbList\",\"@id\":\"https:\/\/www.international-camping.fr\/en\/legal-notice\/#breadcrumb\",\"itemListElement\":[{\"@type\":\"ListItem\",\"position\":1,\"name\":\"Camping Pyr\u00e9n\u00e9es\",\"item\":\"https:\/\/www.international-camping.fr\/en\/\"},{\"@type\":\"ListItem\",\"position\":2,\"name\":\"Legal information\"}]},{\"@type\":\"WebSite\",\"@id\":\"https:\/\/www.international-camping.fr\/#website\",\"url\":\"https:\/\/www.international-camping.fr\/\",\"name\":\"Camping International\",\"description\":\"\",\"publisher\":{\"@id\":\"https:\/\/www.international-camping.fr\/#organization\"},\"potentialAction\":[{\"@type\":\"SearchAction\",\"target\":{\"@type\":\"EntryPoint\",\"urlTemplate\":\"https:\/\/www.international-camping.fr\/?s={search_term_string}\"},\"query-input\":{\"@type\":\"PropertyValueSpecification\",\"valueRequired\":true,\"valueName\":\"search_term_string\"}}],\"inLanguage\":\"en-US\"},{\"@type\":\"Organization\",\"@id\":\"https:\/\/www.international-camping.fr\/#organization\",\"name\":\"Camping International\",\"url\":\"https:\/\/www.international-camping.fr\/\",\"logo\":{\"@type\":\"ImageObject\",\"inLanguage\":\"en-US\",\"@id\":\"https:\/\/www.international-camping.fr\/#\/schema\/logo\/image\/\",\"url\":\"https:\/\/www.international-camping.fr\/wp-content\/uploads\/2023\/07\/cropped-camping-international-luz.png\",\"contentUrl\":\"https:\/\/www.international-camping.fr\/wp-content\/uploads\/2023\/07\/cropped-camping-international-luz.png\",\"width\":310,\"height\":91,\"caption\":\"Camping International\"},\"image\":{\"@id\":\"https:\/\/www.international-camping.fr\/#\/schema\/logo\/image\/\"}}]}<\/script>\n<!-- \/ Yoast SEO plugin. -->","yoast_head_json":{"title":"Legal information - Camping International","robots":{"index":"noindex","follow":"nofollow"},"og_locale":"en_US","og_type":"article","og_title":"Legal information - Camping International","og_url":"https:\/\/www.international-camping.fr\/en\/legal-notice\/","og_site_name":"Camping International","article_modified_time":"2026-02-26T14:30:56+00:00","twitter_card":"summary_large_image","twitter_misc":{"Est. reading time":"2 minutes"},"schema":{"@context":"https:\/\/schema.org","@graph":[{"@type":"WebPage","@id":"https:\/\/www.international-camping.fr\/en\/legal-notice\/","url":"https:\/\/www.international-camping.fr\/en\/legal-notice\/","name":"Legal information - Camping International","isPartOf":{"@id":"https:\/\/www.international-camping.fr\/#website"},"datePublished":"2023-08-28T13:57:17+00:00","dateModified":"2026-02-26T14:30:56+00:00","breadcrumb":{"@id":"https:\/\/www.international-camping.fr\/en\/legal-notice\/#breadcrumb"},"inLanguage":"en-US","potentialAction":[{"@type":"ReadAction","target":["https:\/\/www.international-camping.fr\/en\/legal-notice\/"]}]},{"@type":"BreadcrumbList","@id":"https:\/\/www.international-camping.fr\/en\/legal-notice\/#breadcrumb","itemListElement":[{"@type":"ListItem","position":1,"name":"Camping Pyr\u00e9n\u00e9es","item":"https:\/\/www.international-camping.fr\/en\/"},{"@type":"ListItem","position":2,"name":"Legal information"}]},{"@type":"WebSite","@id":"https:\/\/www.international-camping.fr\/#website","url":"https:\/\/www.international-camping.fr\/","name":"Camping International","description":"","publisher":{"@id":"https:\/\/www.international-camping.fr\/#organization"},"potentialAction":[{"@type":"SearchAction","target":{"@type":"EntryPoint","urlTemplate":"https:\/\/www.international-camping.fr\/?s={search_term_string}"},"query-input":{"@type":"PropertyValueSpecification","valueRequired":true,"valueName":"search_term_string"}}],"inLanguage":"en-US"},{"@type":"Organization","@id":"https:\/\/www.international-camping.fr\/#organization","name":"Camping International","url":"https:\/\/www.international-camping.fr\/","logo":{"@type":"ImageObject","inLanguage":"en-US","@id":"https:\/\/www.international-camping.fr\/#\/schema\/logo\/image\/","url":"https:\/\/www.international-camping.fr\/wp-content\/uploads\/2023\/07\/cropped-camping-international-luz.png","contentUrl":"https:\/\/www.international-camping.fr\/wp-content\/uploads\/2023\/07\/cropped-camping-international-luz.png","width":310,"height":91,"caption":"Camping International"},"image":{"@id":"https:\/\/www.international-camping.fr\/#\/schema\/logo\/image\/"}}]}},"_links":{"self":[{"href":"https:\/\/www.international-camping.fr\/en\/wp-json\/wp\/v2\/pages\/2869","targetHints":{"allow":["GET"]}}],"collection":[{"href":"https:\/\/www.international-camping.fr\/en\/wp-json\/wp\/v2\/pages"}],"about":[{"href":"https:\/\/www.international-camping.fr\/en\/wp-json\/wp\/v2\/types\/page"}],"author":[{"embeddable":true,"href":"https:\/\/www.international-camping.fr\/en\/wp-json\/wp\/v2\/users\/1"}],"replies":[{"embeddable":true,"href":"https:\/\/www.international-camping.fr\/en\/wp-json\/wp\/v2\/comments?post=2869"}],"version-history":[{"count":6,"href":"https:\/\/www.international-camping.fr\/en\/wp-json\/wp\/v2\/pages\/2869\/revisions"}],"predecessor-version":[{"id":3503,"href":"https:\/\/www.international-camping.fr\/en\/wp-json\/wp\/v2\/pages\/2869\/revisions\/3503"}],"wp:attachment":[{"href":"https:\/\/www.international-camping.fr\/en\/wp-json\/wp\/v2\/media?parent=2869"}],"wp:term":[{"taxonomy":"sujet","embeddable":true,"href":"https:\/\/www.international-camping.fr\/en\/wp-json\/wp\/v2\/sujet?post=2869"}],"curies":[{"name":"wp","href":"https:\/\/api.w.org\/{rel}","templated":true}]}}