{"id":2925,"date":"2023-08-28T15:57:17","date_gmt":"2023-08-28T13:57:17","guid":{"rendered":"https:\/\/www.international-camping.fr\/nota-maxima\/"},"modified":"2026-02-26T15:32:05","modified_gmt":"2026-02-26T14:32:05","slug":"nota-maxima","status":"publish","type":"page","link":"https:\/\/www.international-camping.fr\/es\/nota-maxima\/","title":{"rendered":"Informaci\u00f3n jur\u00eddica"},"content":{"rendered":"<section id=\"ls-section-block_496d18b2e468f363362a742e5026dca9\" class=\"ls-section  page-description home-first page-one page-autre\" >\r\n        <div class=\"container container--wide\">\r\n        \n\n<h1 class=\"ls__heading wp-block-heading has-text-align-center\">Informaci\u00f3n jur\u00eddica<\/h1>\n\n\n\n<h2 class=\"ls__heading wp-block-heading\">Jefe de obra<\/h2>\n\n\n\n<p class=\"ls-paragraph\"><strong>CAMPING INTERNATIONAL<\/strong><br\/>Si\u00e8ge social : BP 4 \u2013 65120 Luz-Saint-Sauveur<br\/>T\u00e9l : +33 (0)5 62 92 82 02<br\/>email : camping.international.luz[@]wanadoo.fr<\/p>\n\n\n\n<p class=\"ls-paragraph\">Siret : 65278005700020<br\/>Code NAF : 5530Z<br\/>Capital social : 12 195,92 \u20ac<br\/>TVA Intracommunautaire : FR05652780057<br\/>Responsable de publication : Sandrine Ducos<\/p>\n\n\n\n<h2 class=\"ls__heading wp-block-heading\">PRODUCCI\u00d3N<\/h2>\n\n\n\n<p class=\"ls-paragraph\"><strong>GEEK TONIC<\/strong><br\/>Repr\u00e9sent\u00e9e par M. Yohan Darmayan en sa qualit\u00e9 de G\u00e9rant<br\/>Si\u00e8ge social : 50 avenue du Lac Marion, 64200 Biarritz<br\/>T\u00e9l : 05 32 74 11 52<br\/>E-mail : support@geek-tonic.com<br\/>Site web : <a href=\"https:\/\/www.geek-tonic.com\/\" target=\"_blank\" rel=\"noreferrer noopener\">www.geek-tonic.com<\/a><br\/>SIRET : 89746755100015<br\/>APE : 6201Z<\/p>\n\n\n\n<h2 class=\"ls__heading wp-block-heading\">DERECHOS DE AUTOR<\/h2>\n\n\n\n<p class=\"ls-paragraph\">Todo el contenido de este sitio est\u00e1 sujeto a derechos de autor y de propiedad intelectual seg\u00fan la legislaci\u00f3n francesa. Queda prohibida cualquier reproducci\u00f3n (incluidas fotos, iconos y documentos descargables) sin el consentimiento previo de GEEK TONIC. Queda prohibida la reproducci\u00f3n en un soporte electr\u00f3nico de la totalidad o parte del sitio en papel o formato electr\u00f3nico. GEEK TONIC no asume responsabilidad alguna por el contenido del sitio web. GEEK TONIC declina asimismo toda responsabilidad por los enlaces externos que apunten a este sitio.<\/p>\n\n\n\n<h2 class=\"ls__heading wp-block-heading\" id=\"m-t-6\">DATOS PERSONALES E INFORMACI\u00d3N NOMINATIVA<\/h2>\n\n\n\n<p class=\"ls-paragraph\">Tiene derecho a acceder, modificar, rectificar y suprimir los datos que le conciernen de conformidad con el art\u00edculo 34 de la Ley francesa de protecci\u00f3n de datos (Loi \u00abInformatique et Libert\u00e9s\u00bb) n\u00ba 78-17 de 6 de enero de 1978, modificada el 6 de agosto de 2018. Para ejercer su derecho de acceso, basta con enviar una solicitud por escrito al editor del sitio.<\/p>\n\n\n\n<h2 class=\"ls__heading wp-block-heading\">LEGISLACI\u00d3N<\/h2>\n\n\n\n<p class=\"ls-paragraph\">De conformidad con la ley de 11 de marzo de 1957 (art. 41) y el c\u00f3digo de la propiedad intelectual de 1 de julio de 1992, est\u00e1 prohibida la reproducci\u00f3n total o parcial del sitio sin autorizaci\u00f3n previa del editor del sitio. Los logotipos, elementos visuales, fotos, v\u00eddeos, cuadros gr\u00e1ficos y textos son propiedad de sus respectivos due\u00f1os. Este sitio puede, sin su conocimiento, haber sido vinculado a otros sitios a trav\u00e9s de enlaces hipermedia. El editor del sitio no acepta responsabilidad alguna por la informaci\u00f3n presentada en estos otros sitios. Los internautas reconocen que el uso de este sitio se rige por la legislaci\u00f3n francesa.<\/p>\n\n\n\n<h2 class=\"ls__heading wp-block-heading\">M\u00c9DIATEUR<\/h2>\n\n\n\n<p class=\"ls-paragraph\">Mediaci\u00f3n en materia de consumo<\/p>\n\n\n\n<p class=\"ls-paragraph\">De conformidad con las disposiciones del C\u00f3digo de Consumo relativas al \u00abproceso de mediaci\u00f3n en litigios de consumo\u00bb, el cliente tiene derecho a recurrir al servicio de mediaci\u00f3n ofrecido por Camping International.<\/p>\n\n\n\n<p class=\"ls-paragraph\">En caso de litigio y tras haber contactado con el servicio de atenci\u00f3n al cliente del profesional, cualquier cliente tiene la posibilidad de acudir a un mediador de consumo, en el plazo de un a\u00f1o a partir de la fecha de la reclamaci\u00f3n por escrito, mediante carta certificada con acuse de recibo, dirigida a dicho profesional.<\/p>\n\n\n\n<p class=\"ls-paragraph\">Los datos de contacto del mediador al que puede acudir un cliente son los siguientes:<\/p>\n\n\n\n<p class=\"ls-paragraph\">www.bayonne-mediation.com<\/p>\n\n\r\n    <\/div>\r\n<\/section>","protected":false},"excerpt":{"rendered":"","protected":false},"author":1,"featured_media":0,"parent":0,"menu_order":0,"comment_status":"closed","ping_status":"closed","template":"","meta":{"_acf_changed":false,"footnotes":""},"sujet":[],"class_list":["post-2925","page","type-page","status-publish","hentry"],"acf":[],"yoast_head":"<!-- This site is optimized with the Yoast SEO plugin v25.3 - https:\/\/yoast.com\/wordpress\/plugins\/seo\/ -->\n<title>Informaci\u00f3n jur\u00eddica - Camping International<\/title>\n<meta name=\"robots\" content=\"noindex, nofollow\" \/>\n<meta property=\"og:locale\" content=\"es_ES\" \/>\n<meta property=\"og:type\" content=\"article\" \/>\n<meta property=\"og:title\" content=\"Informaci\u00f3n jur\u00eddica - Camping International\" \/>\n<meta property=\"og:url\" content=\"https:\/\/www.international-camping.fr\/es\/nota-maxima\/\" \/>\n<meta property=\"og:site_name\" content=\"Camping International\" \/>\n<meta property=\"article:modified_time\" content=\"2026-02-26T14:32:05+00:00\" \/>\n<meta name=\"twitter:card\" content=\"summary_large_image\" \/>\n<meta name=\"twitter:label1\" content=\"Tiempo de lectura\" \/>\n\t<meta name=\"twitter:data1\" content=\"2 minutos\" \/>\n<script type=\"application\/ld+json\" class=\"yoast-schema-graph\">{\"@context\":\"https:\/\/schema.org\",\"@graph\":[{\"@type\":\"WebPage\",\"@id\":\"https:\/\/www.international-camping.fr\/es\/nota-maxima\/\",\"url\":\"https:\/\/www.international-camping.fr\/es\/nota-maxima\/\",\"name\":\"Informaci\u00f3n jur\u00eddica - Camping International\",\"isPartOf\":{\"@id\":\"https:\/\/www.international-camping.fr\/#website\"},\"datePublished\":\"2023-08-28T13:57:17+00:00\",\"dateModified\":\"2026-02-26T14:32:05+00:00\",\"breadcrumb\":{\"@id\":\"https:\/\/www.international-camping.fr\/es\/nota-maxima\/#breadcrumb\"},\"inLanguage\":\"es\",\"potentialAction\":[{\"@type\":\"ReadAction\",\"target\":[\"https:\/\/www.international-camping.fr\/es\/nota-maxima\/\"]}]},{\"@type\":\"BreadcrumbList\",\"@id\":\"https:\/\/www.international-camping.fr\/es\/nota-maxima\/#breadcrumb\",\"itemListElement\":[{\"@type\":\"ListItem\",\"position\":1,\"name\":\"Camping Pyr\u00e9n\u00e9es\",\"item\":\"https:\/\/www.international-camping.fr\/es\/\"},{\"@type\":\"ListItem\",\"position\":2,\"name\":\"Informaci\u00f3n jur\u00eddica\"}]},{\"@type\":\"WebSite\",\"@id\":\"https:\/\/www.international-camping.fr\/#website\",\"url\":\"https:\/\/www.international-camping.fr\/\",\"name\":\"Camping International\",\"description\":\"\",\"publisher\":{\"@id\":\"https:\/\/www.international-camping.fr\/#organization\"},\"potentialAction\":[{\"@type\":\"SearchAction\",\"target\":{\"@type\":\"EntryPoint\",\"urlTemplate\":\"https:\/\/www.international-camping.fr\/?s={search_term_string}\"},\"query-input\":{\"@type\":\"PropertyValueSpecification\",\"valueRequired\":true,\"valueName\":\"search_term_string\"}}],\"inLanguage\":\"es\"},{\"@type\":\"Organization\",\"@id\":\"https:\/\/www.international-camping.fr\/#organization\",\"name\":\"Camping International\",\"url\":\"https:\/\/www.international-camping.fr\/\",\"logo\":{\"@type\":\"ImageObject\",\"inLanguage\":\"es\",\"@id\":\"https:\/\/www.international-camping.fr\/#\/schema\/logo\/image\/\",\"url\":\"https:\/\/www.international-camping.fr\/wp-content\/uploads\/2023\/07\/cropped-camping-international-luz.png\",\"contentUrl\":\"https:\/\/www.international-camping.fr\/wp-content\/uploads\/2023\/07\/cropped-camping-international-luz.png\",\"width\":310,\"height\":91,\"caption\":\"Camping International\"},\"image\":{\"@id\":\"https:\/\/www.international-camping.fr\/#\/schema\/logo\/image\/\"}}]}<\/script>\n<!-- \/ Yoast SEO plugin. -->","yoast_head_json":{"title":"Informaci\u00f3n jur\u00eddica - Camping International","robots":{"index":"noindex","follow":"nofollow"},"og_locale":"es_ES","og_type":"article","og_title":"Informaci\u00f3n jur\u00eddica - Camping International","og_url":"https:\/\/www.international-camping.fr\/es\/nota-maxima\/","og_site_name":"Camping International","article_modified_time":"2026-02-26T14:32:05+00:00","twitter_card":"summary_large_image","twitter_misc":{"Tiempo de lectura":"2 minutos"},"schema":{"@context":"https:\/\/schema.org","@graph":[{"@type":"WebPage","@id":"https:\/\/www.international-camping.fr\/es\/nota-maxima\/","url":"https:\/\/www.international-camping.fr\/es\/nota-maxima\/","name":"Informaci\u00f3n jur\u00eddica - Camping International","isPartOf":{"@id":"https:\/\/www.international-camping.fr\/#website"},"datePublished":"2023-08-28T13:57:17+00:00","dateModified":"2026-02-26T14:32:05+00:00","breadcrumb":{"@id":"https:\/\/www.international-camping.fr\/es\/nota-maxima\/#breadcrumb"},"inLanguage":"es","potentialAction":[{"@type":"ReadAction","target":["https:\/\/www.international-camping.fr\/es\/nota-maxima\/"]}]},{"@type":"BreadcrumbList","@id":"https:\/\/www.international-camping.fr\/es\/nota-maxima\/#breadcrumb","itemListElement":[{"@type":"ListItem","position":1,"name":"Camping Pyr\u00e9n\u00e9es","item":"https:\/\/www.international-camping.fr\/es\/"},{"@type":"ListItem","position":2,"name":"Informaci\u00f3n jur\u00eddica"}]},{"@type":"WebSite","@id":"https:\/\/www.international-camping.fr\/#website","url":"https:\/\/www.international-camping.fr\/","name":"Camping International","description":"","publisher":{"@id":"https:\/\/www.international-camping.fr\/#organization"},"potentialAction":[{"@type":"SearchAction","target":{"@type":"EntryPoint","urlTemplate":"https:\/\/www.international-camping.fr\/?s={search_term_string}"},"query-input":{"@type":"PropertyValueSpecification","valueRequired":true,"valueName":"search_term_string"}}],"inLanguage":"es"},{"@type":"Organization","@id":"https:\/\/www.international-camping.fr\/#organization","name":"Camping International","url":"https:\/\/www.international-camping.fr\/","logo":{"@type":"ImageObject","inLanguage":"es","@id":"https:\/\/www.international-camping.fr\/#\/schema\/logo\/image\/","url":"https:\/\/www.international-camping.fr\/wp-content\/uploads\/2023\/07\/cropped-camping-international-luz.png","contentUrl":"https:\/\/www.international-camping.fr\/wp-content\/uploads\/2023\/07\/cropped-camping-international-luz.png","width":310,"height":91,"caption":"Camping International"},"image":{"@id":"https:\/\/www.international-camping.fr\/#\/schema\/logo\/image\/"}}]}},"_links":{"self":[{"href":"https:\/\/www.international-camping.fr\/es\/wp-json\/wp\/v2\/pages\/2925","targetHints":{"allow":["GET"]}}],"collection":[{"href":"https:\/\/www.international-camping.fr\/es\/wp-json\/wp\/v2\/pages"}],"about":[{"href":"https:\/\/www.international-camping.fr\/es\/wp-json\/wp\/v2\/types\/page"}],"author":[{"embeddable":true,"href":"https:\/\/www.international-camping.fr\/es\/wp-json\/wp\/v2\/users\/1"}],"replies":[{"embeddable":true,"href":"https:\/\/www.international-camping.fr\/es\/wp-json\/wp\/v2\/comments?post=2925"}],"version-history":[{"count":8,"href":"https:\/\/www.international-camping.fr\/es\/wp-json\/wp\/v2\/pages\/2925\/revisions"}],"predecessor-version":[{"id":3504,"href":"https:\/\/www.international-camping.fr\/es\/wp-json\/wp\/v2\/pages\/2925\/revisions\/3504"}],"wp:attachment":[{"href":"https:\/\/www.international-camping.fr\/es\/wp-json\/wp\/v2\/media?parent=2925"}],"wp:term":[{"taxonomy":"sujet","embeddable":true,"href":"https:\/\/www.international-camping.fr\/es\/wp-json\/wp\/v2\/sujet?post=2925"}],"curies":[{"name":"wp","href":"https:\/\/api.w.org\/{rel}","templated":true}]}}