{"id":2943,"date":"2023-09-20T09:58:19","date_gmt":"2023-09-20T07:58:19","guid":{"rendered":"https:\/\/www.international-camping.fr\/informacion-practica-camping-internacional\/"},"modified":"2026-02-26T15:29:43","modified_gmt":"2026-02-26T14:29:43","slug":"informacion-practica-camping-internacional","status":"publish","type":"page","link":"https:\/\/www.international-camping.fr\/es\/informacion-practica-camping-internacional\/","title":{"rendered":"Informaci\u00f3n pr\u00e1ctica"},"content":{"rendered":"<section id=\"ls-section-block_b83ecd6868b06d0d2284020c726cc082\" class=\"ls-section  page-chapeau has-m-t m-t-8 has-p-b p-b-0\" >\r\n        <div class=\"container \">\r\n        \n\n<h1 class=\"ls__heading wp-block-heading has-text-align-center montagne\">Informaci\u00f3n<br\/>pr\u00e1ctica<\/h1>\n\n\r\n    <\/div>\r\n<\/section><section id=\"ls-section-block_09ed730df3f42a20564a04fee86b376a\" class=\"ls-section  page-one  has-p-t p-t-0\" >\r\n        <div class=\"container container--wide\">\r\n        \n\n<p class=\"ls-paragraph\">N\u00famero total de parcelas: 160 (de las cuales 97 sin servicios, 6 alquileres sin servicios sanitarios, 55 alquileres: 55 en gesti\u00f3n, 8 residentes).<\/p>\n\n\n\n<p class=\"ls-paragraph\"><strong>Superficie del camping<\/strong>: 4 ha<\/p>\n\n\n\n<p class=\"ls-paragraph\">Fecha de apertura: del 22\/05 al 20\/09.<\/p>\n\n\n\n<p class=\"ls-paragraph\"><strong>Superficie de los lanzamientos<\/strong>: ~env. 100m2.<\/p>\n\n\n\n<p class=\"ls-paragraph\">Camping con la certificaci\u00f3n Cl\u00e9 Verte.<\/p>\n\n\n\n<h2 class=\"ls__heading wp-block-heading\"><strong>Horario<\/strong><\/h2>\n\n\n\n<p class=\"ls-paragraph\"><strong>Recepci\u00f3n :  <\/strong><\/p>\n\n\n\n<ul class=\"ls-list ls-list-undefined wp-block-list\">\n<li>De 8.30 a 12 h y de 13 h a 19.30 h (07 de julio \/ 25 de agosto)<\/li>\n\n\n\n<li>De 8.30 a 12 h y de 14 h a 19 h (25 de agosto \/ finales de septiembre)<\/li>\n\n\n\n<li>Prepare sus vacaciones: descargue la aplicaci\u00f3n del Camping International, es gratuita y encontrar\u00e1 informaci\u00f3n sobre el camping, las rutas de senderismo, las actividades, las visitas, los mapas para bicicletas de monta\u00f1a, ciclismo, etc.<\/li>\n<\/ul>\n\n\n\n<p class=\"ls-paragraph\"><strong>Snack Bar<\/strong> de 16:00 a 22:00. (del 15\/06 al 30\/08) Tot\u00e9 y kepa te ofrecen una tabla de Aperitivos, Pizzas, Patatas fritas, Plato del d\u00eda&#8230;<\/p>\n\n\n\n<p class=\"ls-paragraph\"><strong>Pista polideportiva<\/strong>: de 10.00 a 22.00 horas (prestamos balones de voleibol y f\u00fatbol).<\/p>\n\n\n\n<p class=\"ls-paragraph\">2 juegos hinchables y 2 camas el\u00e1sticas: de 10:00 a 20:45 (del 6\/07 al 30\/08).<\/p>\n\n\n\n<p class=\"ls-paragraph\"><strong>Zona acu\u00e1tica :<\/strong><\/p>\n\n\n\n<h2 class=\"ls__heading wp-block-heading\"><strong>Infraestructura \/ Servicios<\/strong><\/h2>\n\n\n\n<p class=\"ls-paragraph\"><strong>Zona de juegos infantiles:<\/strong> 2 toboganes, puente colgante, columpio, etc. Campo de petanca y 2 mesas de ping-pong. Prestamos bolas de petanca y raquetas de ping-pong.<\/p>\n\n\n\n<p class=\"ls-paragraph\"><strong>Cuarto de bicicletas con kit de<\/strong> reparaci\u00f3n, recogida de llaves en recepci\u00f3n (gratuito en funci\u00f3n del espacio disponible).<\/p>\n\n\n\n<p class=\"ls-paragraph\"><strong>Acceso Wifi<\/strong> en todo el camping. Wifi en la monta\u00f1a (gratuito, un acceso por parcela o alquiler, v\u00e1lido para un solo ordenador o tel\u00e9fono m\u00f3vil).<\/p>\n\n\n\n<p class=\"ls-paragraph\">Amplia selecci\u00f3n de <strong>libros<\/strong> en pr\u00e9stamo en recepci\u00f3n (gratuito).<\/p>\n\n\n\n<p class=\"ls-paragraph\">Hay un peque\u00f1o rinc\u00f3n tranquilo y sombreado a su disposici\u00f3n con una mesa de picnic.<\/p>\n\n\n\n<p class=\"ls-paragraph\">Le espera una <strong>zona acu\u00e1tica<\/strong> con :<\/p>\n\n\n\n<ul class=\"ls-list ls-list-undefined wp-block-list\">\n<li>Para los m\u00e1s peque\u00f1os, una piscina infantil climatizada (28 \u00b0) con un peque\u00f1o tobog\u00e1n y juegos acu\u00e1ticos (del 6\/7 al 30\/8).<\/li>\n\n\n\n<li>Una piscina climatizada (28 \u00b0C) y cubierta (cubierta retr\u00e1ctil, del 22\/05 al 18\/09).<\/li>\n\n\n\n<li><strong>Una piscina climatizada (28\u00b0C) con cascada, contracorriente, banco de masaje<\/strong>&#8230; (del 15\/06 al 07\/09).<\/li>\n\n\n\n<li>Un tobog\u00e1n acu\u00e1tico para los m\u00e1s activos (del 6 de julio al 30 de agosto).<\/li>\n\n\n\n<li>Hay un jacuzzi cubierto y climatizado reservado para el descanso de los adultos (del 6\/07 al 30\/08).<\/li>\n\n\n\n<li>Jacuzzi exterior climatizado (28 \u00b0C, del 4 de junio al 13 de septiembre).<\/li>\n<\/ul>\n\n\n\n<p class=\"ls-paragraph\"><strong>Se recomienda llevar ba\u00f1ador (no pantal\u00f3n corto).<\/strong><\/p>\n\n\n\n<p class=\"ls-paragraph\">Respete las normas de seguridad expuestas en la zona de toboganes y piscinas. Cualquier comportamiento brusco que pueda molestar a otros clientes supondr\u00e1 la expulsi\u00f3n inmediata de la zona acu\u00e1tica.<strong> Dado que la nataci\u00f3n no est\u00e1 supervisada<\/strong>, la direcci\u00f3n declina toda responsabilidad. Jacuzzi interior: No se permite la entrada a menores de 16 a\u00f1os. La duraci\u00f3n m\u00e1xima del ba\u00f1o es de 15 minutos.<\/p>\n\n\n\n<p class=\"ls-paragraph\"><strong>Mini-Golf:<\/strong> 1 euro por persona y ronda. Los menores de 7 a\u00f1os deben ir acompa\u00f1ados. Llave y equipo en recepci\u00f3n.<\/p>\n\n\n\n<p class=\"ls-paragraph\">Tienda de comestibles: Tienda abierta de 8:30 a 19:30 (del 1 de junio al 15 de septiembre). No aceptamos bloques de helado; vendemos botellas de helado por 1,00 \u20ac.<\/p>\n\n\n\n<p class=\"ls-paragraph\">Los croissants, chocolatines, pains aux raisins y baguettes deben reservarse la v\u00edspera para el d\u00eda siguiente. <\/p>\n\n\n\n<p class=\"ls-paragraph\">Sanitario: A su disposici\u00f3n: lavadora, secadora (fichas de pago disponibles en recepci\u00f3n, 5 \u20ac por ficha). Plancha, Cabina para beb\u00e9s, Cabinas para minusv\u00e1lidos y lavabo adaptado, Cabina de lavabo y ducha. Desag\u00fce para inodoros qu\u00edmicos.<\/p>\n\n\n\n<h2 class=\"ls__heading wp-block-heading\"><strong>Entretenimiento<\/strong><\/h2>\n\n\n\n<p class=\"ls-paragraph\">Su animadora, Martine, le propondr\u00e1 un programa variado para la semana:<\/p>\n\n\n\n<ul class=\"ls-list ls-list-undefined wp-block-list\">\n<li>Juegos para ni\u00f1os de 4\/12 a\u00f1os (pintura, dardos, juegos de mesa, etc.) de 9h a 12h (04\/07 a 25\/08).<\/li>\n\n\n\n<li>Tardes de 20.30 a 22.00: juegos de mesa, juegos de madera &#8230;.<\/li>\n\n\n\n<li>Los profesionales estar\u00e1n a su disposici\u00f3n para ofrecerle : Rafting, Parapente, Barranquismo, Devalmountain&#8230;<\/li>\n\n\n\n<li>Una o dos veladas a la semana (hasta las 23:00 del 15\/07 al 20\/08): Banda en directo, karaoke&#8230;<\/li>\n\n\n\n<li><\/li>\n<\/ul>\n\n\n\n<p class=\"ls-paragraph\">Parcelas de camping: Los clientes deben abonar su factura el d\u00eda de llegada al camping.<br\/>La jornada de camping comprende desde las 14:00 hasta las 12:00.<br\/>Durante su estancia, es obligatorio dejar su veh\u00edculo en su parcela, ya que est\u00e1 prohibido aparcar en el aparcamiento de la entrada y en las parcelas vecinas.<\/p>\n\n\n\n<p class=\"ls-paragraph\">Alquiler de mobil-homes: los clientes deben haber abonado su factura un mes antes de la llegada.<br\/>Salida de los mobil-homes alquilados antes de las 10:00 h, llegadas a partir de las 16:00 h.<br\/>El camping no proporciona s\u00e1banas. Se pueden alquilar s\u00e1banas y toallas por un suplemento. <\/p>\n\n\n\n<p class=\"ls-paragraph\"><strong><u>Alquiler de ropa de hogar:<\/u><\/strong> <\/p>\n\n\n\n<p class=\"ls-paragraph\">Cama de 140 cm para dos personas: kit de cama grande (s\u00e1bana bajera\/fundas n\u00f3rdicas\/fundas de almohada) + ropa de ba\u00f1o (2 toallas grandes + 2 toallas peque\u00f1as): 20,00 \u20ac. <\/p>\n\n\n\n<p class=\"ls-paragraph\"><strong><u>Lit en 80 pour une pers<\/u><\/strong> : <strong>Kit petit lit (<strong>Drap plat\/housse de couette\/taie<\/strong><\/strong> ) <strong>+ linge de bain (1 gde + 1 petite serviette ) : 14,00 \u20ac<\/strong><\/p>\n\n\n\n<h2 class=\"ls__heading wp-block-heading\"><strong>Contaminaci\u00f3n ac\u00fastica<\/strong><\/h2>\n\n\n\n<p class=\"ls-paragraph\">El camping <strong>cierra por la noche de 23.00 a 7.00<\/strong>. Si regresa despu\u00e9s de las 23.00, deje su veh\u00edculo en el aparcamiento de la entrada.<\/p>\n\n\n\n<p class=\"ls-paragraph\">Como camping tranquilo y familiar, \u00e9ste puede ser justo lo que buscas.  <strong>Sin embargo, para que no se sienta decepcionado a su llegada, le informamos de que en el camping no hay animaci\u00f3n para adolescentes.<\/strong><\/p>\n\n\n\n<p class=\"ls-paragraph\">Por el bienestar y el respeto de todos, no aceptamos ruidos despu\u00e9s de las 23:00 horas (salvo las animaciones organizadas por el camping). El incumplimiento de estas obligaciones supondr\u00e1 la expulsi\u00f3n definitiva del camping.<\/p>\n\n\n\n<div id=\"ls-heading ls-titre-div-block_179132cf97ce74231dd6a855915f0f45\" class=\"ls-titre-div aligncenter h2-like\" >\n    Disfrute de su estancia en el Camping Internacional de Luz.<\/div>\n\n\r\n    <\/div>\r\n<\/section>","protected":false},"excerpt":{"rendered":"","protected":false},"author":1,"featured_media":0,"parent":0,"menu_order":0,"comment_status":"closed","ping_status":"closed","template":"","meta":{"_acf_changed":false,"footnotes":""},"sujet":[],"class_list":["post-2943","page","type-page","status-publish","hentry"],"acf":[],"yoast_head":"<!-- This site is optimized with the Yoast SEO plugin v25.3 - https:\/\/yoast.com\/wordpress\/plugins\/seo\/ -->\n<title>Informaci\u00f3n pr\u00e1ctica | Horarios de apertura<\/title>\n<meta name=\"robots\" content=\"index, follow, max-snippet:-1, max-image-preview:large, max-video-preview:-1\" \/>\n<link rel=\"canonical\" href=\"https:\/\/www.international-camping.fr\/es\/informacion-practica-camping-internacional\/\" \/>\n<meta property=\"og:locale\" content=\"es_ES\" \/>\n<meta property=\"og:type\" content=\"article\" \/>\n<meta property=\"og:title\" content=\"Informaci\u00f3n pr\u00e1ctica | Horarios de apertura\" \/>\n<meta property=\"og:url\" content=\"https:\/\/www.international-camping.fr\/es\/informacion-practica-camping-internacional\/\" \/>\n<meta property=\"og:site_name\" content=\"Camping International\" \/>\n<meta property=\"article:modified_time\" content=\"2026-02-26T14:29:43+00:00\" \/>\n<meta name=\"twitter:card\" content=\"summary_large_image\" \/>\n<meta name=\"twitter:label1\" content=\"Tiempo de lectura\" \/>\n\t<meta name=\"twitter:data1\" content=\"4 minutos\" \/>\n<script type=\"application\/ld+json\" class=\"yoast-schema-graph\">{\"@context\":\"https:\/\/schema.org\",\"@graph\":[{\"@type\":\"WebPage\",\"@id\":\"https:\/\/www.international-camping.fr\/es\/informacion-practica-camping-internacional\/\",\"url\":\"https:\/\/www.international-camping.fr\/es\/informacion-practica-camping-internacional\/\",\"name\":\"Informaci\u00f3n pr\u00e1ctica | Horarios de apertura\",\"isPartOf\":{\"@id\":\"https:\/\/www.international-camping.fr\/#website\"},\"datePublished\":\"2023-09-20T07:58:19+00:00\",\"dateModified\":\"2026-02-26T14:29:43+00:00\",\"breadcrumb\":{\"@id\":\"https:\/\/www.international-camping.fr\/es\/informacion-practica-camping-internacional\/#breadcrumb\"},\"inLanguage\":\"es\",\"potentialAction\":[{\"@type\":\"ReadAction\",\"target\":[\"https:\/\/www.international-camping.fr\/es\/informacion-practica-camping-internacional\/\"]}]},{\"@type\":\"BreadcrumbList\",\"@id\":\"https:\/\/www.international-camping.fr\/es\/informacion-practica-camping-internacional\/#breadcrumb\",\"itemListElement\":[{\"@type\":\"ListItem\",\"position\":1,\"name\":\"Camping Pyr\u00e9n\u00e9es\",\"item\":\"https:\/\/www.international-camping.fr\/es\/\"},{\"@type\":\"ListItem\",\"position\":2,\"name\":\"Toda la informaci\u00f3n\"}]},{\"@type\":\"WebSite\",\"@id\":\"https:\/\/www.international-camping.fr\/#website\",\"url\":\"https:\/\/www.international-camping.fr\/\",\"name\":\"Camping International\",\"description\":\"\",\"publisher\":{\"@id\":\"https:\/\/www.international-camping.fr\/#organization\"},\"potentialAction\":[{\"@type\":\"SearchAction\",\"target\":{\"@type\":\"EntryPoint\",\"urlTemplate\":\"https:\/\/www.international-camping.fr\/?s={search_term_string}\"},\"query-input\":{\"@type\":\"PropertyValueSpecification\",\"valueRequired\":true,\"valueName\":\"search_term_string\"}}],\"inLanguage\":\"es\"},{\"@type\":\"Organization\",\"@id\":\"https:\/\/www.international-camping.fr\/#organization\",\"name\":\"Camping International\",\"url\":\"https:\/\/www.international-camping.fr\/\",\"logo\":{\"@type\":\"ImageObject\",\"inLanguage\":\"es\",\"@id\":\"https:\/\/www.international-camping.fr\/#\/schema\/logo\/image\/\",\"url\":\"https:\/\/www.international-camping.fr\/wp-content\/uploads\/2023\/07\/cropped-camping-international-luz.png\",\"contentUrl\":\"https:\/\/www.international-camping.fr\/wp-content\/uploads\/2023\/07\/cropped-camping-international-luz.png\",\"width\":310,\"height\":91,\"caption\":\"Camping International\"},\"image\":{\"@id\":\"https:\/\/www.international-camping.fr\/#\/schema\/logo\/image\/\"}}]}<\/script>\n<!-- \/ Yoast SEO plugin. -->","yoast_head_json":{"title":"Informaci\u00f3n pr\u00e1ctica | Horarios de apertura","robots":{"index":"index","follow":"follow","max-snippet":"max-snippet:-1","max-image-preview":"max-image-preview:large","max-video-preview":"max-video-preview:-1"},"canonical":"https:\/\/www.international-camping.fr\/es\/informacion-practica-camping-internacional\/","og_locale":"es_ES","og_type":"article","og_title":"Informaci\u00f3n pr\u00e1ctica | Horarios de apertura","og_url":"https:\/\/www.international-camping.fr\/es\/informacion-practica-camping-internacional\/","og_site_name":"Camping International","article_modified_time":"2026-02-26T14:29:43+00:00","twitter_card":"summary_large_image","twitter_misc":{"Tiempo de lectura":"4 minutos"},"schema":{"@context":"https:\/\/schema.org","@graph":[{"@type":"WebPage","@id":"https:\/\/www.international-camping.fr\/es\/informacion-practica-camping-internacional\/","url":"https:\/\/www.international-camping.fr\/es\/informacion-practica-camping-internacional\/","name":"Informaci\u00f3n pr\u00e1ctica | Horarios de apertura","isPartOf":{"@id":"https:\/\/www.international-camping.fr\/#website"},"datePublished":"2023-09-20T07:58:19+00:00","dateModified":"2026-02-26T14:29:43+00:00","breadcrumb":{"@id":"https:\/\/www.international-camping.fr\/es\/informacion-practica-camping-internacional\/#breadcrumb"},"inLanguage":"es","potentialAction":[{"@type":"ReadAction","target":["https:\/\/www.international-camping.fr\/es\/informacion-practica-camping-internacional\/"]}]},{"@type":"BreadcrumbList","@id":"https:\/\/www.international-camping.fr\/es\/informacion-practica-camping-internacional\/#breadcrumb","itemListElement":[{"@type":"ListItem","position":1,"name":"Camping Pyr\u00e9n\u00e9es","item":"https:\/\/www.international-camping.fr\/es\/"},{"@type":"ListItem","position":2,"name":"Toda la informaci\u00f3n"}]},{"@type":"WebSite","@id":"https:\/\/www.international-camping.fr\/#website","url":"https:\/\/www.international-camping.fr\/","name":"Camping International","description":"","publisher":{"@id":"https:\/\/www.international-camping.fr\/#organization"},"potentialAction":[{"@type":"SearchAction","target":{"@type":"EntryPoint","urlTemplate":"https:\/\/www.international-camping.fr\/?s={search_term_string}"},"query-input":{"@type":"PropertyValueSpecification","valueRequired":true,"valueName":"search_term_string"}}],"inLanguage":"es"},{"@type":"Organization","@id":"https:\/\/www.international-camping.fr\/#organization","name":"Camping International","url":"https:\/\/www.international-camping.fr\/","logo":{"@type":"ImageObject","inLanguage":"es","@id":"https:\/\/www.international-camping.fr\/#\/schema\/logo\/image\/","url":"https:\/\/www.international-camping.fr\/wp-content\/uploads\/2023\/07\/cropped-camping-international-luz.png","contentUrl":"https:\/\/www.international-camping.fr\/wp-content\/uploads\/2023\/07\/cropped-camping-international-luz.png","width":310,"height":91,"caption":"Camping International"},"image":{"@id":"https:\/\/www.international-camping.fr\/#\/schema\/logo\/image\/"}}]}},"_links":{"self":[{"href":"https:\/\/www.international-camping.fr\/es\/wp-json\/wp\/v2\/pages\/2943","targetHints":{"allow":["GET"]}}],"collection":[{"href":"https:\/\/www.international-camping.fr\/es\/wp-json\/wp\/v2\/pages"}],"about":[{"href":"https:\/\/www.international-camping.fr\/es\/wp-json\/wp\/v2\/types\/page"}],"author":[{"embeddable":true,"href":"https:\/\/www.international-camping.fr\/es\/wp-json\/wp\/v2\/users\/1"}],"replies":[{"embeddable":true,"href":"https:\/\/www.international-camping.fr\/es\/wp-json\/wp\/v2\/comments?post=2943"}],"version-history":[{"count":7,"href":"https:\/\/www.international-camping.fr\/es\/wp-json\/wp\/v2\/pages\/2943\/revisions"}],"predecessor-version":[{"id":3502,"href":"https:\/\/www.international-camping.fr\/es\/wp-json\/wp\/v2\/pages\/2943\/revisions\/3502"}],"wp:attachment":[{"href":"https:\/\/www.international-camping.fr\/es\/wp-json\/wp\/v2\/media?parent=2943"}],"wp:term":[{"taxonomy":"sujet","embeddable":true,"href":"https:\/\/www.international-camping.fr\/es\/wp-json\/wp\/v2\/sujet?post=2943"}],"curies":[{"name":"wp","href":"https:\/\/api.w.org\/{rel}","templated":true}]}}