{"id":3040,"date":"2023-06-14T11:01:49","date_gmt":"2023-06-14T09:01:49","guid":{"rendered":"https:\/\/www.international-camping.fr\/ubicaciones-luz-saint-sauveur\/"},"modified":"2026-02-26T15:08:20","modified_gmt":"2026-02-26T14:08:20","slug":"parcelas-luz-saint-sauveur","status":"publish","type":"page","link":"https:\/\/www.international-camping.fr\/es\/parcelas-luz-saint-sauveur\/","title":{"rendered":"Parcelas"},"content":{"rendered":"<section id=\"ls-section-block_ba98606ae6feabb421a3fc5f70b1965c\" class=\"ls-section  page-chapeau has-m-t m-t-8 has-p-b p-b-0\" >\r\n        <div class=\"container \">\r\n        \n\n<h1 class=\"ls__heading wp-block-heading has-text-align-center montagne\"> Al\u00f3jese en una parcela<br\/>para caravanas en los Altos Pirineos<\/h1>\n\n\r\n    <\/div>\r\n<\/section><section id=\"ls-section-block_a4cdbbdea8168f2887959e90b75c8abd\" class=\"ls-section  page-hebergements has-p-t p-t-0\" >\r\n        <div class=\"container container--wide\">\r\n        \n\n<div id=\"ls-hebergements-block_9ae634169afda289f4343479ecb617a4\" class=\"ls-hebergements\">\n\n    <div class=\"ls-hebergements__results\" data-row=\"3\" data-campings=\"false\" data-types=\"[13]\"><div class=\"ls-hebergement\" data-postid='2815' data-id-reservation='1' data-id-site='' data-id1='' data-nombre_de_personnes='6' data-nombre_de_chambres='' data-type='emplacements'>\n\t<div class=\"ls-hebergement__thumb\">\n\t\t\t\t<img decoding=\"async\" src=\"https:\/\/www.international-camping.fr\/wp-content\/uploads\/2023\/09\/emplacement-camping-international.jpg\" alt=\"Parcela de camping\" \/>\n\t<\/div>\n\t<div class=\"ls-hebergement__details\">\n\n\t\t<div class=\"ls-hebergement__icons\">\n\n\t\t\t\t\t\t\t<span class=\"ls-hebergement__icon\">\n\t\t\t\t\t<i class=\"inter-family\"><\/i>\n\t\t\t\t\t6 Pers.\t\t\t\t<\/span>\n\t\t\t\n\t\t\t\n\t\t\t\n\t\t\t\t\t\t\t<span class=\"ls-hebergement__icon\">\n\t\t\t\t\t<i class=\"inter-area\"><\/i>\n\t\t\t\t\t100m\u00b2\n\t\t\t\t<\/span>\n\t\t\t\t\t\t\n\t\t\t\t\t<\/div>\n\n\t<\/div>\n\t<div class=\"ls-hebergement__title\">\n\t\tParcela de camping\t\t\n\t<\/div>\n\n\t<div class=\"ls-hebergement__disponibilite ls-button aligncenter\">Descubra<i class=\"fas fa-plus\"><\/i><\/div>\n\n<\/div><\/div><\/div>\n\r\n    <\/div>\r\n<\/section><section id=\"ls-section-block_dca92eea2573124c9835a252b9fedfa6\" class=\"ls-section  page-one background-right has-p-t p-t-15 has-p-b p-b-25\" >\r\n        <div class=\"container container--wide\">\r\n        \n\n<div class=\"wp-block-columns is-layout-flex wp-container-core-columns-is-layout-9d6595d7 wp-block-columns-is-layout-flex\">\n<div class=\"wp-block-column is-layout-flow wp-block-column-is-layout-flow\" style=\"flex-basis:55%\">\n<figure class=\"wp-block-image size-full animated fadeInLeft slow\"><a href=\"https:\/\/www.international-camping.fr\/wp-content\/uploads\/2023\/09\/emplacement-caravane-luz-saint-sauveur.webp\"><img decoding=\"async\" width=\"1000\" height=\"750\" src=\"https:\/\/www.international-camping.fr\/wp-content\/uploads\/2023\/09\/emplacement-caravane-luz-saint-sauveur.webp\" alt=\"camping caravanas luz saint sauveur\" class=\"wp-image-2640\" srcset=\"https:\/\/www.international-camping.fr\/wp-content\/uploads\/2023\/09\/emplacement-caravane-luz-saint-sauveur.webp 1000w, https:\/\/www.international-camping.fr\/wp-content\/uploads\/2023\/09\/emplacement-caravane-luz-saint-sauveur-300x225.webp 300w, https:\/\/www.international-camping.fr\/wp-content\/uploads\/2023\/09\/emplacement-caravane-luz-saint-sauveur-768x576.webp 768w\" sizes=\"(max-width: 1000px) 100vw, 1000px\" \/><\/a><\/figure>\n<\/div>\n\n\n\n<div class=\"wp-block-column is-vertically-aligned-center is-layout-flow wp-block-column-is-layout-flow\">\n<h2 class=\"ls__heading wp-block-heading\"><strong>Alquilar una parcela<\/strong> en Luz-Saint-Sauveur<\/h2>\n\n\n\n<p class=\"ls-paragraph\">El<a href=\"\/\"> Camping International des Pyr\u00e9n\u00e9es<\/a> ofrece<strong> parcelas para tiendas, caravanas y autocaravanas<\/strong> en los valles de Bar\u00e8ges y Gavarnie.<\/p>\n\n\n\n<p class=\"ls-paragraph\">Nuestras<strong> parcelas de camping son espaciosas<\/strong> (100<sup>m2<\/sup> como m\u00ednimo), <strong>delimitadas por setos<\/strong> y, en su mayor\u00eda, <strong>semisombreadas<\/strong>.<\/p>\n\n\n\n<p class=\"ls-paragraph\">Las parcelas para tiendas, caravanas y autocaravanas de Luz-Saint-Sauveur ofrecen <strong>magn\u00edficas vistas de las cumbres pirenaicas y del Parque Nacional de los Pirineos<\/strong>.<\/p>\n\n\n\n<p class=\"ls-paragraph\">Puede llegar cuando quiera, cualquier d\u00eda de la semana.<\/p>\n<\/div>\n<\/div>\n\n\r\n    <\/div>\r\n<\/section><section id=\"ls-section-block_eac20bb0de3856ea99fc1484947445ce\" class=\"ls-section  home-ecologie page-three has-background-image has-p-t p-t-30 has-p-b p-b-30\" >\r\n    <div class=\"ls-section__background-image opacity-100\"><img decoding=\"async\" src=\"https:\/\/www.international-camping.fr\/wp-content\/uploads\/2023\/09\/location-emplacement-camping-car-pyrenees.jpg\" alt=\"emplazamiento camping car pirineos\"><\/div>    <div class=\"container \">\r\n        \r\n    <\/div>\r\n<\/section><section id=\"ls-section-block_046a6324f6d22e5f6bf9516bccaa110d\" class=\"ls-section  page-three has-p-t p-t-0\" >\r\n        <div class=\"container container--wide\">\r\n        \n\n<h2 class=\"ls__heading wp-block-heading has-text-align-center\"><strong>C\u00f3mo reservar una <\/strong>parcela  <\/h2>\n\n\n\n<ul class=\"ls-list wp-block-list\">\n<li>Si trae a su mascota, le rogamos que la lleve atada y traiga su cartilla de vacunaci\u00f3n. No cobramos suplemento por animales en nuestras parcelas.<\/li>\n\n\n\n<li>Se requiere un cheque de 50 euros (30 de fianza y 20 de gastos administrativos) en el momento de la reserva.<\/li>\n\n\n\n<li>Aceptamos varios m\u00e9todos de pago: tarjeta de cr\u00e9dito, ANCV, cheques y efectivo.<\/li>\n<\/ul>\n\n\r\n    <\/div>\r\n<\/section><section id=\"ls-section-block_4a7f26769b53aac9e6a35a558f50cc69\" class=\"ls-section  page-avis has-background-image has-background has-color-black-background-color has-m-t m-t-10 has-p-t p-t-14 has-p-b p-b-14\" >\r\n    <div class=\"ls-section__background-image opacity-50\"><img decoding=\"async\" src=\"https:\/\/www.international-camping.fr\/wp-content\/uploads\/2023\/07\/camping-international-venez-respirer-lair-pur.webp\" alt=\"camping internacional ven a respirar aire puro\"><\/div>    <div class=\"container container--wide\">\r\n        \n\n<div id=\"ls-heading ls-titre-div-block_eb973217957b7903f7e45166e4ccbcfe\" class=\"ls-titre-div aligncenter h2-like has-m-b m-b-8\" >\n    \u00bfQu\u00e9 opinan nuestros clientes <strong>de nuestros locales? <\/strong> <\/div>\n\n\n<div class=\"avis-container-pages\"><div class=\"avis\"><div class=\"avis-content\"><p>Un camping muy agradable, tranquilo y bien situado geogr\u00e1ficamente.<br \/>\n<b>Las parcelas son grandes, los servicios sanitarios excelentes y las instalaciones de primera &#8230;.<\/b>  En resumen, recomendamos este camping.<\/p>\n<\/div><div class=\"avis-footer\"><div class=\"avis-auteur-wrap left\"><img decoding=\"async\" class=\"avis-image\" src=\"https:\/\/www.international-camping.fr\/wp-content\/uploads\/2023\/09\/telechargement-6.jpg\" alt=\"descargar (6)\" \/><div class=\"avis-name\">Sebastien G<\/div><\/div><div class=\"avis-auteur-wrap right\"><div class=\"avis-note\">\n                <span><i class=\"inter-etoile\"><\/i><\/span><span><i class=\"inter-etoile\"><\/i><\/span><span><i class=\"inter-etoile\"><\/i><\/span><span><i class=\"inter-etoile\"><\/i><\/span><span><i class=\"inter-etoile\"><\/i><\/span>\n                <\/div><\/div><\/div><\/div><div class=\"avis\"><div class=\"avis-content\"><p>muy buenas vacaciones familiares de 15 d\u00edas. Camping muy limpio y bien equipado.  <b>locales de calidad, parcela sombr\u00eda.<\/b> Todo lo que necesitas para relajarte despu\u00e9s de un d\u00eda de excursi\u00f3n o simplemente para disfrutar del buen tiempo. Camping muy bien situado en el cruce de varios valles, con acceso a todos los lugares tur\u00edsticos.<\/p>\n<\/div><div class=\"avis-footer\"><div class=\"avis-auteur-wrap left\"><img decoding=\"async\" class=\"avis-image\" src=\"https:\/\/www.international-camping.fr\/wp-content\/uploads\/2023\/09\/telechargement.jpg\" alt=\"descargar\" \/><div class=\"avis-name\">Guillaume L<\/div><\/div><div class=\"avis-auteur-wrap right\"><div class=\"avis-note\">\n                <span><i class=\"inter-etoile\"><\/i><\/span><span><i class=\"inter-etoile\"><\/i><\/span><span><i class=\"inter-etoile\"><\/i><\/span><span><i class=\"inter-etoile\"><\/i><\/span><span><i class=\"inter-etoile\"><\/i><\/span>\n                <\/div><\/div><\/div><\/div><div class=\"avis\"><div class=\"avis-content\"><p>Camping muy agradable, amables y atentos.  <b>Parcela grande para nuestra autocaravana de 7,30 m, bien separada por setos y con unas vistas preciosas de las monta\u00f1as.<\/b>  Lavabos muy limpios. Restaurante con una decoraci\u00f3n y un ambiente muy agradables, una delicia para el paladar y con un camarero excelente.<br \/>\nLe quitamos una estrella por la zona de juegos de ping-pong\/petanca, que no est\u00e1 iluminada por la noche, y por la piscina, que deber\u00eda haber estado cubierta con estas temperaturas exteriores tan frescas. Sin embargo, una vez que llega el buen tiempo, es una aut\u00e9ntica delicia.<\/p>\n<\/div><div class=\"avis-footer\"><div class=\"avis-auteur-wrap left\"><img decoding=\"async\" class=\"avis-image\" src=\"https:\/\/www.international-camping.fr\/wp-content\/uploads\/2023\/09\/charlotte-f-avis.jpg\" alt=\"opini\u00f3n de charlotte f\" \/><div class=\"avis-name\">Grazelia M<\/div><\/div><div class=\"avis-auteur-wrap right\"><div class=\"avis-note\">\n                <span><i class=\"inter-etoile\"><\/i><\/span><span><i class=\"inter-etoile\"><\/i><\/span><span><i class=\"inter-etoile\"><\/i><\/span><span><i class=\"inter-etoile\"><\/i><\/span>\n                <\/div><\/div><\/div><\/div><\/div>\n\n\r\n    <\/div>\r\n<\/section><section id=\"ls-section-block_a14ead5b9c34cdb2cdb69f7a1f8898a4\" class=\"ls-section  page-maillage\" >\r\n        <div class=\"container container--wide\">\r\n        \n\n<div id=\"ls-heading ls-titre-div-block_90d9f379cdc5a63db465b73875fe9327\" class=\"ls-titre-div h2-like\" >\n    \u00a1Vea nuestros alquileres, eventos y el parque nacional!<\/div>\n\n\n<div id=\"ls-maillage-block_a79dce4c59f636589975e155750db7bc\" class=\"ls-maillage cta-style-normal\" data-rows=\"3\">\r\n    <div class=\"wp-block-columns\"><div class=\"wp-block-column\">\n\n<a href=\"https:\/\/www.international-camping.fr\/es\/alquileres-casa-moviles-luz-saint-sauveur\/\" target=\"\" rel=\"noopener\" class=\"ls-cta__link\">\n\n\t<div class=\"ls-cta__image\"><img decoding=\"async\" src=\"https:\/\/www.international-camping.fr\/wp-content\/uploads\/2023\/09\/camping-mobil-home-parc-pyerenees.jpg\" alt=\"camping mobil home parc pyerenees\"><\/div>\n\t<div class=\"ls-cta__title\">\n\t\tNuestras sedes\t<\/div>\n\n\t\t\n<\/a><\/div><div class=\"wp-block-column\">\n\n<a href=\"https:\/\/www.international-camping.fr\/es\/parque-nacional-de-los-pirineos\/\" target=\"\" rel=\"noopener\" class=\"ls-cta__link\">\n\n\t<div class=\"ls-cta__image\"><img decoding=\"async\" src=\"https:\/\/www.international-camping.fr\/wp-content\/uploads\/2023\/09\/randonnee-cirque-de-troumouse.webp\" alt=\"excursi\u00f3n al circo de troumouse\"><\/div>\n\t<div class=\"ls-cta__title\">\n\t\tParque Nacional de los Pirineos\t<\/div>\n\n\t\t\n<\/a><\/div><div class=\"wp-block-column\">\n\n<a href=\"https:\/\/www.international-camping.fr\/es\/camping-actividades-pirineos\/\" target=\"\" rel=\"noopener\" class=\"ls-cta__link\">\n\n\t<div class=\"ls-cta__image\"><img decoding=\"async\" src=\"https:\/\/www.international-camping.fr\/wp-content\/uploads\/2023\/08\/camping-trampoline-luz-saint-sauveur-e1692277838196.webp\" alt=\"camping trampol\u00edn luz saint sauveur\"><\/div>\n\t<div class=\"ls-cta__title\">\n\t\tActividades y entretenimiento\t<\/div>\n\n\t\t\n<\/a><\/div><\/div><\/div>\n\r\n    <\/div>\r\n<\/section>","protected":false},"excerpt":{"rendered":"","protected":false},"author":1,"featured_media":3043,"parent":0,"menu_order":0,"comment_status":"closed","ping_status":"closed","template":"","meta":{"_acf_changed":false,"footnotes":""},"sujet":[],"class_list":["post-3040","page","type-page","status-publish","has-post-thumbnail","hentry"],"acf":[],"yoast_head":"<!-- This site is optimized with the Yoast SEO plugin v25.3 - https:\/\/yoast.com\/wordpress\/plugins\/seo\/ -->\n<title>Parcela Luz | Alquiler parcela Hautes-Pyr\u00e9n\u00e9es<\/title>\n<meta name=\"description\" content=\"Parcelas de camping Pirineos: en un entorno tranquilo o cerca de las animaciones, nuestras parcelas pueden acoger tiendas, caravanas y autocaravanas.\" \/>\n<meta name=\"robots\" content=\"index, follow, max-snippet:-1, max-image-preview:large, max-video-preview:-1\" \/>\n<link rel=\"canonical\" href=\"https:\/\/www.international-camping.fr\/es\/parcelas-luz-saint-sauveur\/\" \/>\n<meta property=\"og:locale\" content=\"es_ES\" \/>\n<meta property=\"og:type\" content=\"article\" \/>\n<meta property=\"og:title\" content=\"Parcela Luz | Alquiler parcela Hautes-Pyr\u00e9n\u00e9es\" \/>\n<meta property=\"og:description\" content=\"Parcelas de camping Pirineos: en un entorno tranquilo o cerca de las animaciones, nuestras parcelas pueden acoger tiendas, caravanas y autocaravanas.\" \/>\n<meta property=\"og:url\" content=\"https:\/\/www.international-camping.fr\/es\/parcelas-luz-saint-sauveur\/\" \/>\n<meta property=\"og:site_name\" content=\"Camping International\" \/>\n<meta property=\"article:modified_time\" content=\"2026-02-26T14:08:20+00:00\" \/>\n<meta property=\"og:image\" content=\"https:\/\/www.international-camping.fr\/wp-content\/uploads\/2023\/09\/emplacement-tente-camping-cauteret.jpg\" \/>\n\t<meta property=\"og:image:width\" content=\"1920\" \/>\n\t<meta property=\"og:image:height\" content=\"600\" \/>\n\t<meta property=\"og:image:type\" content=\"image\/jpeg\" \/>\n<meta name=\"twitter:card\" content=\"summary_large_image\" \/>\n<meta name=\"twitter:label1\" content=\"Tiempo de lectura\" \/>\n\t<meta name=\"twitter:data1\" content=\"1 minuto\" \/>\n<script type=\"application\/ld+json\" class=\"yoast-schema-graph\">{\"@context\":\"https:\/\/schema.org\",\"@graph\":[{\"@type\":\"WebPage\",\"@id\":\"https:\/\/www.international-camping.fr\/es\/parcelas-luz-saint-sauveur\/\",\"url\":\"https:\/\/www.international-camping.fr\/es\/parcelas-luz-saint-sauveur\/\",\"name\":\"Parcela Luz | Alquiler parcela Hautes-Pyr\u00e9n\u00e9es\",\"isPartOf\":{\"@id\":\"https:\/\/www.international-camping.fr\/#website\"},\"primaryImageOfPage\":{\"@id\":\"https:\/\/www.international-camping.fr\/es\/parcelas-luz-saint-sauveur\/#primaryimage\"},\"image\":{\"@id\":\"https:\/\/www.international-camping.fr\/es\/parcelas-luz-saint-sauveur\/#primaryimage\"},\"thumbnailUrl\":\"https:\/\/www.international-camping.fr\/wp-content\/uploads\/2023\/09\/emplacement-tente-camping-cauteret.jpg\",\"datePublished\":\"2023-06-14T09:01:49+00:00\",\"dateModified\":\"2026-02-26T14:08:20+00:00\",\"description\":\"Parcelas de camping Pirineos: en un entorno tranquilo o cerca de las animaciones, nuestras parcelas pueden acoger tiendas, caravanas y autocaravanas.\",\"breadcrumb\":{\"@id\":\"https:\/\/www.international-camping.fr\/es\/parcelas-luz-saint-sauveur\/#breadcrumb\"},\"inLanguage\":\"es\",\"potentialAction\":[{\"@type\":\"ReadAction\",\"target\":[\"https:\/\/www.international-camping.fr\/es\/parcelas-luz-saint-sauveur\/\"]}]},{\"@type\":\"ImageObject\",\"inLanguage\":\"es\",\"@id\":\"https:\/\/www.international-camping.fr\/es\/parcelas-luz-saint-sauveur\/#primaryimage\",\"url\":\"https:\/\/www.international-camping.fr\/wp-content\/uploads\/2023\/09\/emplacement-tente-camping-cauteret.jpg\",\"contentUrl\":\"https:\/\/www.international-camping.fr\/wp-content\/uploads\/2023\/09\/emplacement-tente-camping-cauteret.jpg\",\"width\":1920,\"height\":600,\"caption\":\"tienda de campa\u00f1a camping cauteret\"},{\"@type\":\"BreadcrumbList\",\"@id\":\"https:\/\/www.international-camping.fr\/es\/parcelas-luz-saint-sauveur\/#breadcrumb\",\"itemListElement\":[{\"@type\":\"ListItem\",\"position\":1,\"name\":\"Camping Pyr\u00e9n\u00e9es\",\"item\":\"https:\/\/www.international-camping.fr\/es\/\"},{\"@type\":\"ListItem\",\"position\":2,\"name\":\"Alquilar una parcela en Luz-Saint-Sauveur\"}]},{\"@type\":\"WebSite\",\"@id\":\"https:\/\/www.international-camping.fr\/#website\",\"url\":\"https:\/\/www.international-camping.fr\/\",\"name\":\"Camping International\",\"description\":\"\",\"publisher\":{\"@id\":\"https:\/\/www.international-camping.fr\/#organization\"},\"potentialAction\":[{\"@type\":\"SearchAction\",\"target\":{\"@type\":\"EntryPoint\",\"urlTemplate\":\"https:\/\/www.international-camping.fr\/?s={search_term_string}\"},\"query-input\":{\"@type\":\"PropertyValueSpecification\",\"valueRequired\":true,\"valueName\":\"search_term_string\"}}],\"inLanguage\":\"es\"},{\"@type\":\"Organization\",\"@id\":\"https:\/\/www.international-camping.fr\/#organization\",\"name\":\"Camping International\",\"url\":\"https:\/\/www.international-camping.fr\/\",\"logo\":{\"@type\":\"ImageObject\",\"inLanguage\":\"es\",\"@id\":\"https:\/\/www.international-camping.fr\/#\/schema\/logo\/image\/\",\"url\":\"https:\/\/www.international-camping.fr\/wp-content\/uploads\/2023\/07\/cropped-camping-international-luz.png\",\"contentUrl\":\"https:\/\/www.international-camping.fr\/wp-content\/uploads\/2023\/07\/cropped-camping-international-luz.png\",\"width\":310,\"height\":91,\"caption\":\"Camping International\"},\"image\":{\"@id\":\"https:\/\/www.international-camping.fr\/#\/schema\/logo\/image\/\"}}]}<\/script>\n<!-- \/ Yoast SEO plugin. -->","yoast_head_json":{"title":"Parcela Luz | Alquiler parcela Hautes-Pyr\u00e9n\u00e9es","description":"Parcelas de camping Pirineos: en un entorno tranquilo o cerca de las animaciones, nuestras parcelas pueden acoger tiendas, caravanas y autocaravanas.","robots":{"index":"index","follow":"follow","max-snippet":"max-snippet:-1","max-image-preview":"max-image-preview:large","max-video-preview":"max-video-preview:-1"},"canonical":"https:\/\/www.international-camping.fr\/es\/parcelas-luz-saint-sauveur\/","og_locale":"es_ES","og_type":"article","og_title":"Parcela Luz | Alquiler parcela Hautes-Pyr\u00e9n\u00e9es","og_description":"Parcelas de camping Pirineos: en un entorno tranquilo o cerca de las animaciones, nuestras parcelas pueden acoger tiendas, caravanas y autocaravanas.","og_url":"https:\/\/www.international-camping.fr\/es\/parcelas-luz-saint-sauveur\/","og_site_name":"Camping International","article_modified_time":"2026-02-26T14:08:20+00:00","og_image":[{"width":1920,"height":600,"url":"https:\/\/www.international-camping.fr\/wp-content\/uploads\/2023\/09\/emplacement-tente-camping-cauteret.jpg","type":"image\/jpeg"}],"twitter_card":"summary_large_image","twitter_misc":{"Tiempo de lectura":"1 minuto"},"schema":{"@context":"https:\/\/schema.org","@graph":[{"@type":"WebPage","@id":"https:\/\/www.international-camping.fr\/es\/parcelas-luz-saint-sauveur\/","url":"https:\/\/www.international-camping.fr\/es\/parcelas-luz-saint-sauveur\/","name":"Parcela Luz | Alquiler parcela Hautes-Pyr\u00e9n\u00e9es","isPartOf":{"@id":"https:\/\/www.international-camping.fr\/#website"},"primaryImageOfPage":{"@id":"https:\/\/www.international-camping.fr\/es\/parcelas-luz-saint-sauveur\/#primaryimage"},"image":{"@id":"https:\/\/www.international-camping.fr\/es\/parcelas-luz-saint-sauveur\/#primaryimage"},"thumbnailUrl":"https:\/\/www.international-camping.fr\/wp-content\/uploads\/2023\/09\/emplacement-tente-camping-cauteret.jpg","datePublished":"2023-06-14T09:01:49+00:00","dateModified":"2026-02-26T14:08:20+00:00","description":"Parcelas de camping Pirineos: en un entorno tranquilo o cerca de las animaciones, nuestras parcelas pueden acoger tiendas, caravanas y autocaravanas.","breadcrumb":{"@id":"https:\/\/www.international-camping.fr\/es\/parcelas-luz-saint-sauveur\/#breadcrumb"},"inLanguage":"es","potentialAction":[{"@type":"ReadAction","target":["https:\/\/www.international-camping.fr\/es\/parcelas-luz-saint-sauveur\/"]}]},{"@type":"ImageObject","inLanguage":"es","@id":"https:\/\/www.international-camping.fr\/es\/parcelas-luz-saint-sauveur\/#primaryimage","url":"https:\/\/www.international-camping.fr\/wp-content\/uploads\/2023\/09\/emplacement-tente-camping-cauteret.jpg","contentUrl":"https:\/\/www.international-camping.fr\/wp-content\/uploads\/2023\/09\/emplacement-tente-camping-cauteret.jpg","width":1920,"height":600,"caption":"tienda de campa\u00f1a camping cauteret"},{"@type":"BreadcrumbList","@id":"https:\/\/www.international-camping.fr\/es\/parcelas-luz-saint-sauveur\/#breadcrumb","itemListElement":[{"@type":"ListItem","position":1,"name":"Camping Pyr\u00e9n\u00e9es","item":"https:\/\/www.international-camping.fr\/es\/"},{"@type":"ListItem","position":2,"name":"Alquilar una parcela en Luz-Saint-Sauveur"}]},{"@type":"WebSite","@id":"https:\/\/www.international-camping.fr\/#website","url":"https:\/\/www.international-camping.fr\/","name":"Camping International","description":"","publisher":{"@id":"https:\/\/www.international-camping.fr\/#organization"},"potentialAction":[{"@type":"SearchAction","target":{"@type":"EntryPoint","urlTemplate":"https:\/\/www.international-camping.fr\/?s={search_term_string}"},"query-input":{"@type":"PropertyValueSpecification","valueRequired":true,"valueName":"search_term_string"}}],"inLanguage":"es"},{"@type":"Organization","@id":"https:\/\/www.international-camping.fr\/#organization","name":"Camping International","url":"https:\/\/www.international-camping.fr\/","logo":{"@type":"ImageObject","inLanguage":"es","@id":"https:\/\/www.international-camping.fr\/#\/schema\/logo\/image\/","url":"https:\/\/www.international-camping.fr\/wp-content\/uploads\/2023\/07\/cropped-camping-international-luz.png","contentUrl":"https:\/\/www.international-camping.fr\/wp-content\/uploads\/2023\/07\/cropped-camping-international-luz.png","width":310,"height":91,"caption":"Camping International"},"image":{"@id":"https:\/\/www.international-camping.fr\/#\/schema\/logo\/image\/"}}]}},"_links":{"self":[{"href":"https:\/\/www.international-camping.fr\/es\/wp-json\/wp\/v2\/pages\/3040","targetHints":{"allow":["GET"]}}],"collection":[{"href":"https:\/\/www.international-camping.fr\/es\/wp-json\/wp\/v2\/pages"}],"about":[{"href":"https:\/\/www.international-camping.fr\/es\/wp-json\/wp\/v2\/types\/page"}],"author":[{"embeddable":true,"href":"https:\/\/www.international-camping.fr\/es\/wp-json\/wp\/v2\/users\/1"}],"replies":[{"embeddable":true,"href":"https:\/\/www.international-camping.fr\/es\/wp-json\/wp\/v2\/comments?post=3040"}],"version-history":[{"count":6,"href":"https:\/\/www.international-camping.fr\/es\/wp-json\/wp\/v2\/pages\/3040\/revisions"}],"predecessor-version":[{"id":3486,"href":"https:\/\/www.international-camping.fr\/es\/wp-json\/wp\/v2\/pages\/3040\/revisions\/3486"}],"wp:featuredmedia":[{"embeddable":true,"href":"https:\/\/www.international-camping.fr\/es\/wp-json\/wp\/v2\/media\/3043"}],"wp:attachment":[{"href":"https:\/\/www.international-camping.fr\/es\/wp-json\/wp\/v2\/media?parent=3040"}],"wp:term":[{"taxonomy":"sujet","embeddable":true,"href":"https:\/\/www.international-camping.fr\/es\/wp-json\/wp\/v2\/sujet?post=3040"}],"curies":[{"name":"wp","href":"https:\/\/api.w.org\/{rel}","templated":true}]}}