{"id":3052,"date":"2023-06-14T11:02:40","date_gmt":"2023-06-14T09:02:40","guid":{"rendered":"https:\/\/www.international-camping.fr\/contacto-y-acceso\/"},"modified":"2026-02-26T15:06:13","modified_gmt":"2026-02-26T14:06:13","slug":"contacto-y-acceso","status":"publish","type":"page","link":"https:\/\/www.international-camping.fr\/es\/contacto-y-acceso\/","title":{"rendered":"Contacto y acceso"},"content":{"rendered":"<section id=\"ls-section-block_d9e2d67a9fa340c6ec894fe218bb9a22\" class=\"ls-section  page-chapeau has-m-t m-t-8 has-p-b p-b-0\" >\r\n        <div class=\"container \">\r\n        \n\n<h1 class=\"ls__heading wp-block-heading has-text-align-center montagne\">Contacto y acceso  <\/h1>\n\n\r\n    <\/div>\r\n<\/section><section id=\"ls-section-block_68884ce3fd712c01afb94b27383086b9\" class=\"ls-section  page-one background-right\" >\r\n        <div class=\"container container--wide\">\r\n        \n\n<div class=\"wp-block-columns is-layout-flex wp-container-core-columns-is-layout-9d6595d7 wp-block-columns-is-layout-flex\">\n<div class=\"wp-block-column is-layout-flow wp-block-column-is-layout-flow\">\n<div class=\"wp-block-contact-form-7-contact-form-selector\">\n<div class=\"wpcf7 no-js\" id=\"wpcf7-f2764-o1\" lang=\"es-ES\" dir=\"ltr\">\n<div class=\"screen-reader-response\"><p role=\"status\" aria-live=\"polite\" aria-atomic=\"true\"><\/p> <ul><\/ul><\/div>\n<form action=\"\/es\/wp-json\/wp\/v2\/pages\/3052#wpcf7-f2764-o1\" method=\"post\" class=\"wpcf7-form init\" aria-label=\"Formulario de contacto\" novalidate=\"novalidate\" data-status=\"init\">\n<div style=\"display: none;\">\n<input type=\"hidden\" name=\"_wpcf7\" value=\"2764\" \/>\n<input type=\"hidden\" name=\"_wpcf7_version\" value=\"5.9.8\" \/>\n<input type=\"hidden\" name=\"_wpcf7_locale\" value=\"es_ES\" \/>\n<input type=\"hidden\" name=\"_wpcf7_unit_tag\" value=\"wpcf7-f2764-o1\" \/>\n<input type=\"hidden\" name=\"_wpcf7_container_post\" value=\"0\" \/>\n<input type=\"hidden\" name=\"_wpcf7_posted_data_hash\" value=\"\" \/>\n<input type=\"hidden\" name=\"_wpcf7_recaptcha_response\" value=\"\" \/>\n<\/div>\n<p><label> Su nombre<br \/>\n<span class=\"wpcf7-form-control-wrap\" data-name=\"your-name\"><input size=\"40\" maxlength=\"400\" class=\"wpcf7-form-control wpcf7-text wpcf7-validates-as-required\" autocomplete=\"name\" aria-required=\"true\" aria-invalid=\"false\" value=\"\" type=\"text\" name=\"your-name\" \/><\/span> <\/label>\n<\/p>\n<p><label> Tu e-mail<br \/>\n<span class=\"wpcf7-form-control-wrap\" data-name=\"your-email\"><input size=\"40\" maxlength=\"400\" class=\"wpcf7-form-control wpcf7-email wpcf7-validates-as-required wpcf7-text wpcf7-validates-as-email\" autocomplete=\"email\" aria-required=\"true\" aria-invalid=\"false\" value=\"\" type=\"email\" name=\"your-email\" \/><\/span> <\/label>\n<\/p>\n<p><label> Objeto<br \/>\n<span class=\"wpcf7-form-control-wrap\" data-name=\"your-subject\"><input size=\"40\" maxlength=\"400\" class=\"wpcf7-form-control wpcf7-text wpcf7-validates-as-required\" aria-required=\"true\" aria-invalid=\"false\" value=\"\" type=\"text\" name=\"your-subject\" \/><\/span> <\/label>\n<\/p>\n<p><label> Su mensaje<br \/>\n<span class=\"wpcf7-form-control-wrap\" data-name=\"your-message\"><textarea cols=\"40\" rows=\"10\" maxlength=\"2000\" class=\"wpcf7-form-control wpcf7-textarea\" aria-invalid=\"false\" name=\"your-message\"><\/textarea><\/span> <\/label>\n<\/p>\n<p><span class=\"wpcf7-form-control-wrap\" data-name=\"acceptance-553\"><span class=\"wpcf7-form-control wpcf7-acceptance\"><span class=\"wpcf7-list-item\"><label><input type=\"checkbox\" name=\"acceptance-553\" value=\"1\" aria-invalid=\"false\" \/><span class=\"wpcf7-list-item-label\">Al marcar esta casilla, acepto la <a href=\"\/es\/politica-de-privacidad\/\" rel=\"nofollow\" target=\"_blank\">Pol\u00edtica de privacidad<\/a> de este sitio.<\/span><\/label><\/span><\/span><\/span>\n<\/p>\n<p><input class=\"wpcf7-form-control wpcf7-submit has-spinner\" type=\"submit\" value=\"Enviar\" \/>\n<\/p><div class=\"wpcf7-response-output\" aria-hidden=\"true\"><\/div>\n<\/form>\n<\/div>\n<\/div>\n<\/div>\n\n\n\n<div class=\"wp-block-column question-contact is-layout-flow wp-block-column-is-layout-flow\">\n<h2 class=\"ls__heading wp-block-heading\">\u00bfTiene alguna pregunta? P\u00f3ngase en contacto con nosotros<\/h2>\n\n\n\n<p class=\"ls-paragraph\">\u00bfDesea hacer una reserva? \u00bfQuiere saber m\u00e1s sobre nuestros servicios, alojamiento y parcelas? Todo el equipo del Camping International de Luz-Saint-Sauveur estar\u00e1 encantado de <strong>responder a sus preguntas<\/strong>.  <br\/><br\/>Tiene tres opciones:<br\/>1- Enviarnos un correo electr\u00f3nico a camping.international.luz@wanadoo.fr.<br\/>2- Llamarnos por tel\u00e9fono al 05 62 92 82 02.<br\/>3- Rellenar el formulario de contacto adjunto.<\/p>\n\n\n\n<div id=\"ls-heading ls-titre-div-block_04de8a3bf2396ad74707ec81acef7d63\" class=\"ls-titre-div h2-like has-text-color has-color-2-color has-m-b m-b-0\" >\n    <strong>Siga nuestras noticias<\/strong><\/div>\n\n\n\n<div id=\"ls-socials-block_11d49548ab94a9ad2f3ca729e3f5769a\" class=\"ls-socials reseaux\" >\n    <div class=\"ls-socials__content\">\n                                                <a class=\"ls-socials__item\" href=\"https:\/\/www.facebook.com\/campinginternationalluz\" title=\"Retrouvez-nous sur facebook\" target=\"_blank\" rel=\"noopener\">\n                    <i class=\"inter-facebook\"><\/i>\n                <\/a>\n                            <a class=\"ls-socials__item\" href=\"https:\/\/www.instagram.com\/campinginternationalluz\/\" title=\"Retrouvez-nous sur instagram\" target=\"_blank\" rel=\"noopener\">\n                    <i class=\"inter-instagram\"><\/i>\n                <\/a>\n                        <\/div>\n<\/div><\/div>\n<\/div>\n\n\r\n    <\/div>\r\n<\/section><section id=\"ls-section-block_ea812fe8a01355a8c74f8622e0800d2a\" class=\"ls-section  page-two background has-p-t p-t-0 has-p-b p-b-14\" >\r\n        <div class=\"container container--full\">\r\n        \n\n<div class=\"wp-block-columns is-layout-flex wp-container-core-columns-is-layout-9d6595d7 wp-block-columns-is-layout-flex\">\n<div class=\"wp-block-column is-vertically-aligned-center first animated fadeInUp slow p-l-5 is-layout-flow wp-block-column-is-layout-flow\">\n<h2 class=\"ls__heading wp-block-heading\"><strong>F\u00e1cil acceso<\/strong> al camping<\/h2>\n\n\n\n<p class=\"ls-paragraph\">El <a href=\"https:\/\/www.international-camping.fr\/es\/\">Camping International 4 estrellas de Luz-Saint-Sauveur <\/a>goza de una <strong>ubicaci\u00f3n geogr\u00e1fica<\/strong> ideal en los Altos Pirineos, a 10 minutos del Parque Nacional de los Pirineos, a unos 30 minutos del Pic du Midi y a menos de una hora del Circo de Gavarnie.<br\/> <br\/>Podr\u00e1 acceder f\u00e1cilmente a nuestro establecimiento, situado exactamente en 50 avenue du Bar\u00e8ge, 65120 Esqui\u00e8ze-S\u00e8re.<br\/> <br\/>Tambi\u00e9n puede utilizar las siguientes coordenadas GP<strong>S: 42.8743967, -0.003198<\/strong>7.<br\/> <br\/>\u00a1Esperamos verle pronto y darle la bienvenida a nuestro Camping International!<br\/><\/p>\n<\/div>\n\n\n\n<div class=\"wp-block-column second animated fadeInUp slow is-layout-flow wp-block-column-is-layout-flow\">\n<iframe src=\"https:\/\/www.google.com\/maps\/embed?pb=!1m14!1m8!1m3!1d111239.76033383253!2d-0.14423462461480752!3d42.89057372807477!3m2!1i1024!2i768!4f13.1!3m3!1m2!1s0xd57dfecaac1760f%3A0xe84217c5e86c6511!2sCamping%20International!5e0!3m2!1sfr!2sfr!4v1693293858727!5m2!1sfr!2sfr\" width=\"100%\" height=\"600\" style=\"border:0;\" allowfullscreen=\"\" loading=\"lazy\" referrerpolicy=\"no-referrer-when-downgrade\"><\/iframe>\n<\/div>\n<\/div>\n\n\r\n    <\/div>\r\n<\/section><section id=\"ls-section-block_2c7a4d0a4e1ffb5bce5fdda99f31a84d\" class=\"ls-section  home-ecologie-bis page-three-bis has-p-t p-t-0 has-p-b p-b-0\" >\r\n        <div class=\"container container--full\">\r\n        \r\n    <\/div>\r\n<\/section>","protected":false},"excerpt":{"rendered":"","protected":false},"author":1,"featured_media":0,"parent":0,"menu_order":0,"comment_status":"closed","ping_status":"closed","template":"","meta":{"_acf_changed":false,"footnotes":""},"sujet":[],"class_list":["post-3052","page","type-page","status-publish","hentry"],"acf":[],"yoast_head":"<!-- This site is optimized with the Yoast SEO plugin v25.3 - https:\/\/yoast.com\/wordpress\/plugins\/seo\/ -->\n<title>P\u00f3ngase en contacto con el camping Internacional | Venir al camping en Luz, Pirineos<\/title>\n<meta name=\"description\" content=\"P\u00f3ngase en contacto con camping International: no dude en ponerse en contacto con nosotros para cualquier informaci\u00f3n sobre nuestro camping en los Pirineos.\" \/>\n<meta name=\"robots\" content=\"index, follow, max-snippet:-1, max-image-preview:large, max-video-preview:-1\" \/>\n<link rel=\"canonical\" href=\"https:\/\/www.international-camping.fr\/es\/contacto-y-acceso\/\" \/>\n<meta property=\"og:locale\" content=\"es_ES\" \/>\n<meta property=\"og:type\" content=\"article\" \/>\n<meta property=\"og:title\" content=\"P\u00f3ngase en contacto con el camping Internacional | Venir al camping en Luz, Pirineos\" \/>\n<meta property=\"og:description\" content=\"P\u00f3ngase en contacto con camping International: no dude en ponerse en contacto con nosotros para cualquier informaci\u00f3n sobre nuestro camping en los Pirineos.\" \/>\n<meta property=\"og:url\" content=\"https:\/\/www.international-camping.fr\/es\/contacto-y-acceso\/\" \/>\n<meta property=\"og:site_name\" content=\"Camping International\" \/>\n<meta property=\"article:modified_time\" content=\"2026-02-26T14:06:13+00:00\" \/>\n<meta name=\"twitter:card\" content=\"summary_large_image\" \/>\n<meta name=\"twitter:label1\" content=\"Tiempo de lectura\" \/>\n\t<meta name=\"twitter:data1\" content=\"1 minuto\" \/>\n<script type=\"application\/ld+json\" class=\"yoast-schema-graph\">{\"@context\":\"https:\/\/schema.org\",\"@graph\":[{\"@type\":\"WebPage\",\"@id\":\"https:\/\/www.international-camping.fr\/es\/contacto-y-acceso\/\",\"url\":\"https:\/\/www.international-camping.fr\/es\/contacto-y-acceso\/\",\"name\":\"P\u00f3ngase en contacto con el camping Internacional | Venir al camping en Luz, Pirineos\",\"isPartOf\":{\"@id\":\"https:\/\/www.international-camping.fr\/#website\"},\"datePublished\":\"2023-06-14T09:02:40+00:00\",\"dateModified\":\"2026-02-26T14:06:13+00:00\",\"description\":\"P\u00f3ngase en contacto con camping International: no dude en ponerse en contacto con nosotros para cualquier informaci\u00f3n sobre nuestro camping en los Pirineos.\",\"breadcrumb\":{\"@id\":\"https:\/\/www.international-camping.fr\/es\/contacto-y-acceso\/#breadcrumb\"},\"inLanguage\":\"es\",\"potentialAction\":[{\"@type\":\"ReadAction\",\"target\":[\"https:\/\/www.international-camping.fr\/es\/contacto-y-acceso\/\"]}]},{\"@type\":\"BreadcrumbList\",\"@id\":\"https:\/\/www.international-camping.fr\/es\/contacto-y-acceso\/#breadcrumb\",\"itemListElement\":[{\"@type\":\"ListItem\",\"position\":1,\"name\":\"Camping Pyr\u00e9n\u00e9es\",\"item\":\"https:\/\/www.international-camping.fr\/es\/\"},{\"@type\":\"ListItem\",\"position\":2,\"name\":\"Contacto y direcciones\"}]},{\"@type\":\"WebSite\",\"@id\":\"https:\/\/www.international-camping.fr\/#website\",\"url\":\"https:\/\/www.international-camping.fr\/\",\"name\":\"Camping International\",\"description\":\"\",\"publisher\":{\"@id\":\"https:\/\/www.international-camping.fr\/#organization\"},\"potentialAction\":[{\"@type\":\"SearchAction\",\"target\":{\"@type\":\"EntryPoint\",\"urlTemplate\":\"https:\/\/www.international-camping.fr\/?s={search_term_string}\"},\"query-input\":{\"@type\":\"PropertyValueSpecification\",\"valueRequired\":true,\"valueName\":\"search_term_string\"}}],\"inLanguage\":\"es\"},{\"@type\":\"Organization\",\"@id\":\"https:\/\/www.international-camping.fr\/#organization\",\"name\":\"Camping International\",\"url\":\"https:\/\/www.international-camping.fr\/\",\"logo\":{\"@type\":\"ImageObject\",\"inLanguage\":\"es\",\"@id\":\"https:\/\/www.international-camping.fr\/#\/schema\/logo\/image\/\",\"url\":\"https:\/\/www.international-camping.fr\/wp-content\/uploads\/2023\/07\/cropped-camping-international-luz.png\",\"contentUrl\":\"https:\/\/www.international-camping.fr\/wp-content\/uploads\/2023\/07\/cropped-camping-international-luz.png\",\"width\":310,\"height\":91,\"caption\":\"Camping International\"},\"image\":{\"@id\":\"https:\/\/www.international-camping.fr\/#\/schema\/logo\/image\/\"}}]}<\/script>\n<!-- \/ Yoast SEO plugin. -->","yoast_head_json":{"title":"P\u00f3ngase en contacto con el camping Internacional | Venir al camping en Luz, Pirineos","description":"P\u00f3ngase en contacto con camping International: no dude en ponerse en contacto con nosotros para cualquier informaci\u00f3n sobre nuestro camping en los Pirineos.","robots":{"index":"index","follow":"follow","max-snippet":"max-snippet:-1","max-image-preview":"max-image-preview:large","max-video-preview":"max-video-preview:-1"},"canonical":"https:\/\/www.international-camping.fr\/es\/contacto-y-acceso\/","og_locale":"es_ES","og_type":"article","og_title":"P\u00f3ngase en contacto con el camping Internacional | Venir al camping en Luz, Pirineos","og_description":"P\u00f3ngase en contacto con camping International: no dude en ponerse en contacto con nosotros para cualquier informaci\u00f3n sobre nuestro camping en los Pirineos.","og_url":"https:\/\/www.international-camping.fr\/es\/contacto-y-acceso\/","og_site_name":"Camping International","article_modified_time":"2026-02-26T14:06:13+00:00","twitter_card":"summary_large_image","twitter_misc":{"Tiempo de lectura":"1 minuto"},"schema":{"@context":"https:\/\/schema.org","@graph":[{"@type":"WebPage","@id":"https:\/\/www.international-camping.fr\/es\/contacto-y-acceso\/","url":"https:\/\/www.international-camping.fr\/es\/contacto-y-acceso\/","name":"P\u00f3ngase en contacto con el camping Internacional | Venir al camping en Luz, Pirineos","isPartOf":{"@id":"https:\/\/www.international-camping.fr\/#website"},"datePublished":"2023-06-14T09:02:40+00:00","dateModified":"2026-02-26T14:06:13+00:00","description":"P\u00f3ngase en contacto con camping International: no dude en ponerse en contacto con nosotros para cualquier informaci\u00f3n sobre nuestro camping en los Pirineos.","breadcrumb":{"@id":"https:\/\/www.international-camping.fr\/es\/contacto-y-acceso\/#breadcrumb"},"inLanguage":"es","potentialAction":[{"@type":"ReadAction","target":["https:\/\/www.international-camping.fr\/es\/contacto-y-acceso\/"]}]},{"@type":"BreadcrumbList","@id":"https:\/\/www.international-camping.fr\/es\/contacto-y-acceso\/#breadcrumb","itemListElement":[{"@type":"ListItem","position":1,"name":"Camping Pyr\u00e9n\u00e9es","item":"https:\/\/www.international-camping.fr\/es\/"},{"@type":"ListItem","position":2,"name":"Contacto y direcciones"}]},{"@type":"WebSite","@id":"https:\/\/www.international-camping.fr\/#website","url":"https:\/\/www.international-camping.fr\/","name":"Camping International","description":"","publisher":{"@id":"https:\/\/www.international-camping.fr\/#organization"},"potentialAction":[{"@type":"SearchAction","target":{"@type":"EntryPoint","urlTemplate":"https:\/\/www.international-camping.fr\/?s={search_term_string}"},"query-input":{"@type":"PropertyValueSpecification","valueRequired":true,"valueName":"search_term_string"}}],"inLanguage":"es"},{"@type":"Organization","@id":"https:\/\/www.international-camping.fr\/#organization","name":"Camping International","url":"https:\/\/www.international-camping.fr\/","logo":{"@type":"ImageObject","inLanguage":"es","@id":"https:\/\/www.international-camping.fr\/#\/schema\/logo\/image\/","url":"https:\/\/www.international-camping.fr\/wp-content\/uploads\/2023\/07\/cropped-camping-international-luz.png","contentUrl":"https:\/\/www.international-camping.fr\/wp-content\/uploads\/2023\/07\/cropped-camping-international-luz.png","width":310,"height":91,"caption":"Camping International"},"image":{"@id":"https:\/\/www.international-camping.fr\/#\/schema\/logo\/image\/"}}]}},"_links":{"self":[{"href":"https:\/\/www.international-camping.fr\/es\/wp-json\/wp\/v2\/pages\/3052","targetHints":{"allow":["GET"]}}],"collection":[{"href":"https:\/\/www.international-camping.fr\/es\/wp-json\/wp\/v2\/pages"}],"about":[{"href":"https:\/\/www.international-camping.fr\/es\/wp-json\/wp\/v2\/types\/page"}],"author":[{"embeddable":true,"href":"https:\/\/www.international-camping.fr\/es\/wp-json\/wp\/v2\/users\/1"}],"replies":[{"embeddable":true,"href":"https:\/\/www.international-camping.fr\/es\/wp-json\/wp\/v2\/comments?post=3052"}],"version-history":[{"count":2,"href":"https:\/\/www.international-camping.fr\/es\/wp-json\/wp\/v2\/pages\/3052\/revisions"}],"predecessor-version":[{"id":3484,"href":"https:\/\/www.international-camping.fr\/es\/wp-json\/wp\/v2\/pages\/3052\/revisions\/3484"}],"wp:attachment":[{"href":"https:\/\/www.international-camping.fr\/es\/wp-json\/wp\/v2\/media?parent=3052"}],"wp:term":[{"taxonomy":"sujet","embeddable":true,"href":"https:\/\/www.international-camping.fr\/es\/wp-json\/wp\/v2\/sujet?post=3052"}],"curies":[{"name":"wp","href":"https:\/\/api.w.org\/{rel}","templated":true}]}}